{"id":56,"date":"2018-05-30T19:12:37","date_gmt":"2018-05-30T17:12:37","guid":{"rendered":"http:\/\/idailluster.net\/commitment\/"},"modified":"2021-11-18T18:52:00","modified_gmt":"2021-11-18T17:52:00","slug":"here-is-how-it-works","status":"publish","type":"page","link":"https:\/\/idailluster.net\/en\/here-is-how-it-works\/","title":{"rendered":"That drives me."},"content":{"rendered":"<h2>Ausrichtung und Inhalt von Ida Illuster entwickelt Ursula Kleuters seit 2011 in einem kreativen Prozess weiter. Nach und nach inszeniert sie frei Gedanken, Formen, Aktionen.<\/h2>\n<p>Ursula Kleuters ist Teil der Initiative &#8216;St\u00e4dte f\u00fcr Europa&#8217; der Stiftung Zukunft Berlin, einem unabh\u00e4ngigen Forum f\u00fcr B\u00fcrgerschaftliche Mitverantwortung. Sie ist F\u00f6rdermitglied der B\u00fcrgerinitiative \u201eNur Mut\u201c in Berlin Friedenau, die die Wahl des ersten B\u00fcrger*innenrates in Berlin angesto\u00dfen hat.<\/p>\n<p>&nbsp;<\/p>\n<p>&nbsp;<\/p>\n<p>&nbsp;<\/p>\n","protected":false},"excerpt":{"rendered":"<p>Ausrichtung und Inhalt von Ida Illuster entwickelt Ursula Kleuters seit 2011 in einem kreativen Prozess weiter. Nach und nach inszeniert sie frei Gedanken, Formen, Aktionen. Ursula Kleuters ist Teil der Initiative &#8216;St\u00e4dte f\u00fcr Europa&#8217; der Stiftung Zukunft Berlin, einem unabh\u00e4ngigen Forum f\u00fcr B\u00fcrgerschaftliche Mitverantwortung. Sie ist F\u00f6rdermitglied der B\u00fcrgerinitiative \u201eNur Mut\u201c in Berlin Friedenau, die [&hellip;]<\/p>\n","protected":false},"author":1,"featured_media":0,"parent":0,"menu_order":0,"comment_status":"closed","ping_status":"closed","template":"","meta":{"_acf_changed":false,"footnotes":""},"acf":[],"yoast_head":"<!-- This site is optimized with the Yoast SEO plugin v22.8 - https:\/\/yoast.com\/wordpress\/plugins\/seo\/ -->\n<title>That drives me. - Ida Illuster<\/title>\n<meta name=\"robots\" content=\"index, follow, max-snippet:-1, max-image-preview:large, max-video-preview:-1\" \/>\n<link rel=\"canonical\" href=\"https:\/\/idailluster.net\/so-arbeite-ich\/\" \/>\n<meta property=\"og:locale\" content=\"en_US\" \/>\n<meta property=\"og:type\" content=\"article\" \/>\n<meta property=\"og:title\" content=\"That drives me. - Ida Illuster\" \/>\n<meta property=\"og:description\" content=\"Ausrichtung und Inhalt von Ida Illuster entwickelt Ursula Kleuters seit 2011 in einem kreativen Prozess weiter. Nach und nach inszeniert sie frei Gedanken, Formen, Aktionen. Ursula Kleuters ist Teil der Initiative &#8216;St\u00e4dte f\u00fcr Europa&#8217; der Stiftung Zukunft Berlin, einem unabh\u00e4ngigen Forum f\u00fcr B\u00fcrgerschaftliche Mitverantwortung. Sie ist F\u00f6rdermitglied der B\u00fcrgerinitiative \u201eNur Mut\u201c in Berlin Friedenau, die [&hellip;]\" \/>\n<meta property=\"og:url\" content=\"https:\/\/idailluster.net\/so-arbeite-ich\/\" \/>\n<meta property=\"og:site_name\" content=\"Ida Illuster\" \/>\n<meta property=\"article:modified_time\" content=\"2021-11-18T17:52:00+00:00\" \/>\n<meta name=\"twitter:card\" content=\"summary_large_image\" \/>\n<meta name=\"twitter:label1\" content=\"Est. reading time\" \/>\n\t<meta name=\"twitter:data1\" content=\"1 minute\" \/>\n<script type=\"application\/ld+json\" class=\"yoast-schema-graph\">{\"@context\":\"https:\/\/schema.org\",\"@graph\":[{\"@type\":\"WebPage\",\"@id\":\"https:\/\/idailluster.net\/so-arbeite-ich\/\",\"url\":\"https:\/\/idailluster.net\/so-arbeite-ich\/\",\"name\":\"That drives me. - Ida Illuster\",\"isPartOf\":{\"@id\":\"https:\/\/idailluster.net\/#website\"},\"datePublished\":\"2018-05-30T17:12:37+00:00\",\"dateModified\":\"2021-11-18T17:52:00+00:00\",\"breadcrumb\":{\"@id\":\"https:\/\/idailluster.net\/so-arbeite-ich\/#breadcrumb\"},\"inLanguage\":\"en-US\",\"potentialAction\":[{\"@type\":\"ReadAction\",\"target\":[\"https:\/\/idailluster.net\/so-arbeite-ich\/\"]}]},{\"@type\":\"BreadcrumbList\",\"@id\":\"https:\/\/idailluster.net\/so-arbeite-ich\/#breadcrumb\",\"itemListElement\":[{\"@type\":\"ListItem\",\"position\":1,\"name\":\"Startseite\",\"item\":\"https:\/\/idailluster.net\/en\/\"},{\"@type\":\"ListItem\",\"position\":2,\"name\":\"That drives me.\"}]},{\"@type\":\"WebSite\",\"@id\":\"https:\/\/idailluster.net\/#website\",\"url\":\"https:\/\/idailluster.net\/\",\"name\":\"Ida Illuster\",\"description\":\"Ursula Kleuters empfiehlt Kunst. Zeitgen\u00f6ssisch, neu gedacht.\",\"potentialAction\":[{\"@type\":\"SearchAction\",\"target\":{\"@type\":\"EntryPoint\",\"urlTemplate\":\"https:\/\/idailluster.net\/?s={search_term_string}\"},\"query-input\":\"required name=search_term_string\"}],\"inLanguage\":\"en-US\"}]}<\/script>\n<!-- \/ Yoast SEO plugin. -->","yoast_head_json":{"title":"That drives me. - Ida Illuster","robots":{"index":"index","follow":"follow","max-snippet":"max-snippet:-1","max-image-preview":"max-image-preview:large","max-video-preview":"max-video-preview:-1"},"canonical":"https:\/\/idailluster.net\/so-arbeite-ich\/","og_locale":"en_US","og_type":"article","og_title":"That drives me. - Ida Illuster","og_description":"Ausrichtung und Inhalt von Ida Illuster entwickelt Ursula Kleuters seit 2011 in einem kreativen Prozess weiter. Nach und nach inszeniert sie frei Gedanken, Formen, Aktionen. Ursula Kleuters ist Teil der Initiative &#8216;St\u00e4dte f\u00fcr Europa&#8217; der Stiftung Zukunft Berlin, einem unabh\u00e4ngigen Forum f\u00fcr B\u00fcrgerschaftliche Mitverantwortung. Sie ist F\u00f6rdermitglied der B\u00fcrgerinitiative \u201eNur Mut\u201c in Berlin Friedenau, die [&hellip;]","og_url":"https:\/\/idailluster.net\/so-arbeite-ich\/","og_site_name":"Ida Illuster","article_modified_time":"2021-11-18T17:52:00+00:00","twitter_card":"summary_large_image","twitter_misc":{"Est. reading time":"1 minute"},"schema":{"@context":"https:\/\/schema.org","@graph":[{"@type":"WebPage","@id":"https:\/\/idailluster.net\/so-arbeite-ich\/","url":"https:\/\/idailluster.net\/so-arbeite-ich\/","name":"That drives me. - Ida Illuster","isPartOf":{"@id":"https:\/\/idailluster.net\/#website"},"datePublished":"2018-05-30T17:12:37+00:00","dateModified":"2021-11-18T17:52:00+00:00","breadcrumb":{"@id":"https:\/\/idailluster.net\/so-arbeite-ich\/#breadcrumb"},"inLanguage":"en-US","potentialAction":[{"@type":"ReadAction","target":["https:\/\/idailluster.net\/so-arbeite-ich\/"]}]},{"@type":"BreadcrumbList","@id":"https:\/\/idailluster.net\/so-arbeite-ich\/#breadcrumb","itemListElement":[{"@type":"ListItem","position":1,"name":"Startseite","item":"https:\/\/idailluster.net\/en\/"},{"@type":"ListItem","position":2,"name":"That drives me."}]},{"@type":"WebSite","@id":"https:\/\/idailluster.net\/#website","url":"https:\/\/idailluster.net\/","name":"Ida Illuster","description":"Ursula Kleuters empfiehlt Kunst. Zeitgen\u00f6ssisch, neu gedacht.","potentialAction":[{"@type":"SearchAction","target":{"@type":"EntryPoint","urlTemplate":"https:\/\/idailluster.net\/?s={search_term_string}"},"query-input":"required name=search_term_string"}],"inLanguage":"en-US"}]}},"_links":{"self":[{"href":"https:\/\/idailluster.net\/en\/wp-json\/wp\/v2\/pages\/56"}],"collection":[{"href":"https:\/\/idailluster.net\/en\/wp-json\/wp\/v2\/pages"}],"about":[{"href":"https:\/\/idailluster.net\/en\/wp-json\/wp\/v2\/types\/page"}],"author":[{"embeddable":true,"href":"https:\/\/idailluster.net\/en\/wp-json\/wp\/v2\/users\/1"}],"replies":[{"embeddable":true,"href":"https:\/\/idailluster.net\/en\/wp-json\/wp\/v2\/comments?post=56"}],"version-history":[{"count":0,"href":"https:\/\/idailluster.net\/en\/wp-json\/wp\/v2\/pages\/56\/revisions"}],"wp:attachment":[{"href":"https:\/\/idailluster.net\/en\/wp-json\/wp\/v2\/media?parent=56"}],"curies":[{"name":"wp","href":"https:\/\/api.w.org\/{rel}","templated":true}]}}